{"id":9433,"date":"2025-12-17T18:47:34","date_gmt":"2025-12-17T18:47:34","guid":{"rendered":"https:\/\/santiagotourscartagena.com\/?post_type=product&#038;p=9433"},"modified":"2026-02-07T17:56:42","modified_gmt":"2026-02-07T22:56:42","slug":"santa-marta-playa-blanca-plan-vip","status":"publish","type":"product","link":"https:\/\/santiagotourscartagena.com\/en\/product\/santa-marta-playa-blanca-plan-vip\/","title":{"rendered":"Santa Marta &amp; White Beach (VIP)"},"content":{"rendered":"<h2>Summary<\/h2>\n<p>Live the ultimate experience in Santa Marta with our VIP. In addition to the historical and panoramic Barranquilla, this tour includes an exclusive shuttle boat into the crystal clear waters of <b>Playa Blanca<\/b> and the entry to the historic <b>Quinta de San Pedro Alejandrino<\/b>, where he died the Liberator Sim\u00f3n Bol\u00edvar.<\/p>","protected":false},"excerpt":{"rendered":"<p>Resumen Viva la experiencia definitiva en Santa Marta con nuestro Plan VIP. Adem\u00e1s del recorrido hist\u00f3rico y panor\u00e1mico por Barranquilla, este tour incluye un exclusivo traslado en lancha hacia las aguas cristalinas de Playa Blanca y la entrada incluida a la hist\u00f3rica Quinta de San Pedro Alejandrino, lugar donde falleci\u00f3 el Libertador Sim\u00f3n Bol\u00edvar.<\/p>","protected":false},"featured_media":9458,"comment_status":"open","ping_status":"closed","template":"","meta":{"inline_featured_image":false},"product_brand":[],"product_cat":[83,55],"product_tag":[],"class_list":{"0":"post-9433","1":"product","2":"type-product","3":"status-publish","4":"has-post-thumbnail","6":"product_cat-excursion","7":"product_cat-playa","9":"first","10":"instock","11":"shipping-taxable","12":"purchasable","13":"product-type-ovabrw_car_rental"},"_links":{"self":[{"href":"https:\/\/santiagotourscartagena.com\/en\/wp-json\/wp\/v2\/product\/9433","targetHints":{"allow":["GET"]}}],"collection":[{"href":"https:\/\/santiagotourscartagena.com\/en\/wp-json\/wp\/v2\/product"}],"about":[{"href":"https:\/\/santiagotourscartagena.com\/en\/wp-json\/wp\/v2\/types\/product"}],"replies":[{"embeddable":true,"href":"https:\/\/santiagotourscartagena.com\/en\/wp-json\/wp\/v2\/comments?post=9433"}],"wp:featuredmedia":[{"embeddable":true,"href":"https:\/\/santiagotourscartagena.com\/en\/wp-json\/wp\/v2\/media\/9458"}],"wp:attachment":[{"href":"https:\/\/santiagotourscartagena.com\/en\/wp-json\/wp\/v2\/media?parent=9433"}],"wp:term":[{"taxonomy":"product_brand","embeddable":true,"href":"https:\/\/santiagotourscartagena.com\/en\/wp-json\/wp\/v2\/product_brand?post=9433"},{"taxonomy":"product_cat","embeddable":true,"href":"https:\/\/santiagotourscartagena.com\/en\/wp-json\/wp\/v2\/product_cat?post=9433"},{"taxonomy":"product_tag","embeddable":true,"href":"https:\/\/santiagotourscartagena.com\/en\/wp-json\/wp\/v2\/product_tag?post=9433"}],"curies":[{"name":"wp","href":"https:\/\/api.w.org\/{rel}","templated":true}]}}