{"id":9435,"date":"2025-12-17T18:56:30","date_gmt":"2025-12-17T18:56:30","guid":{"rendered":"https:\/\/santiagotourscartagena.com\/?post_type=product&#038;p=9435"},"modified":"2026-02-07T18:02:16","modified_gmt":"2026-02-07T23:02:16","slug":"night-party-boat","status":"publish","type":"product","link":"https:\/\/santiagotourscartagena.com\/en\/product\/night-party-boat\/","title":{"rendered":"Night Party Boat"},"content":{"rendered":"<h2>Summary<\/h2>\n<p>Get ready for the best party on the water! The <b>Night Party Boat<\/b> it is the perfect combination of music, open bar, and fun while we cross the spectacular Bay of Cartagena. Board a boat and sports and with a professional cheerleader, we guarantee you a full experience of energy that ends with a flourish, including the cover for one of the best clubs of the city.<\/p>\n<h2 data-path-to-node=\"6\">Highlights<\/h2>\n<ul data-path-to-node=\"7\">\n<li>\n<p data-path-to-node=\"7,0,0\"><b>Party Sport Boat:<\/b> Atmosphere and music crossover as you browse.<\/p>\n<\/li>\n<li>\n<p data-path-to-node=\"7,1,0\"><b>Open Bar Included:<\/b> Unlimited consumption of local rum, Coca-Cola and orange juice.<\/p>\n<\/li>\n<li>\n<p data-path-to-node=\"7,2,0\"><b>Animator on Board:<\/b> Dynamic and contests to keep the energy at the maximum.<\/p>\n<\/li>\n<li>\n<p data-path-to-node=\"7,3,0\"><b>After Party:<\/b> Includes the cover of entry to a nightclub local.<\/p>\n<\/li>\n<\/ul>","protected":false},"excerpt":{"rendered":"<p>Resumen \u00a1Prep\u00e1rate para la mejor fiesta sobre el agua! El Night Party Boat es la combinaci\u00f3n perfecta de m\u00fasica, bar abierto y diversi\u00f3n mientras recorremos la espectacular Bah\u00eda de Cartagena. A bordo de un bote deportivo y con un animador profesional, garantizamos una experiencia llena de energ\u00eda que termina con broche de oro incluyendo el [&hellip;]<\/p>\n","protected":false},"featured_media":9456,"comment_status":"open","ping_status":"closed","template":"","meta":{"inline_featured_image":false},"product_brand":[],"product_cat":[81,82],"product_tag":[],"class_list":{"0":"post-9435","1":"product","2":"type-product","3":"status-publish","4":"has-post-thumbnail","6":"product_cat-ciudad","7":"product_cat-fiesta-nocturna","9":"first","10":"instock","11":"shipping-taxable","12":"purchasable","13":"product-type-ovabrw_car_rental"},"_links":{"self":[{"href":"https:\/\/santiagotourscartagena.com\/en\/wp-json\/wp\/v2\/product\/9435","targetHints":{"allow":["GET"]}}],"collection":[{"href":"https:\/\/santiagotourscartagena.com\/en\/wp-json\/wp\/v2\/product"}],"about":[{"href":"https:\/\/santiagotourscartagena.com\/en\/wp-json\/wp\/v2\/types\/product"}],"replies":[{"embeddable":true,"href":"https:\/\/santiagotourscartagena.com\/en\/wp-json\/wp\/v2\/comments?post=9435"}],"wp:featuredmedia":[{"embeddable":true,"href":"https:\/\/santiagotourscartagena.com\/en\/wp-json\/wp\/v2\/media\/9456"}],"wp:attachment":[{"href":"https:\/\/santiagotourscartagena.com\/en\/wp-json\/wp\/v2\/media?parent=9435"}],"wp:term":[{"taxonomy":"product_brand","embeddable":true,"href":"https:\/\/santiagotourscartagena.com\/en\/wp-json\/wp\/v2\/product_brand?post=9435"},{"taxonomy":"product_cat","embeddable":true,"href":"https:\/\/santiagotourscartagena.com\/en\/wp-json\/wp\/v2\/product_cat?post=9435"},{"taxonomy":"product_tag","embeddable":true,"href":"https:\/\/santiagotourscartagena.com\/en\/wp-json\/wp\/v2\/product_tag?post=9435"}],"curies":[{"name":"wp","href":"https:\/\/api.w.org\/{rel}","templated":true}]}}