{"id":9578,"date":"2026-01-22T13:40:55","date_gmt":"2026-01-22T18:40:55","guid":{"rendered":"https:\/\/santiagotourscartagena.com\/?post_type=product&#038;p=9578"},"modified":"2026-01-22T13:40:55","modified_gmt":"2026-01-22T18:40:55","slug":"bora-bora-beach-club-zona-club-area-club","status":"publish","type":"product","link":"https:\/\/santiagotourscartagena.com\/en\/product\/bora-bora-beach-club-zona-club-area-club\/","title":{"rendered":"Bora Bora Beach Club \u2013 Zone Club (Club Area)"},"content":{"rendered":"<h2 data-path-to-node=\"4\">Summary<\/h2>\n<p data-path-to-node=\"5,0\">The <b data-path-to-node=\"5,0\" data-index-in-node=\"3\">Zone Club<\/b> Bora Bora is the heart of the festival on the Islands of Rosario. This picnic \u201cfor Adults Only\u201d is famous for its vibrant atmosphere, music, and constant energy in front of the Caribbean sea. The book Zone Club, you secures your place in the action with a comfortable beach bed or asoleadora, access to luxury facilities and a fine dining experience complete. It is the perfect place for groups of friends and couples that seek to combine tanned, party and have fun without limits.<\/p>\n<h2 data-path-to-node=\"6\">Highlights<\/h2>\n<ul data-path-to-node=\"7\">\n<li>\n<p data-path-to-node=\"7,0,0\"><b data-path-to-node=\"7,0,0\" data-index-in-node=\"0\">Party atmosphere:<\/b> The most energetic of the club, ideal for socializing and enjoy the music.<\/p>\n<\/li>\n<li>\n<p data-path-to-node=\"7,1,0\"><b data-path-to-node=\"7,1,0\" data-index-in-node=\"0\">A Varied Cuisine:<\/b> Includes lunch with <b data-path-to-node=\"7,1,0\" data-index-in-node=\"42\">5 different options<\/b> a choice to suit all tastes.<\/p>\n<\/li>\n<li>\n<p data-path-to-node=\"7,2,0\"><b data-path-to-node=\"7,2,0\" data-index-in-node=\"0\">Comfort Guaranteed:<\/b> Your booking includes beach bed or asoleadora (sunbed).<\/p>\n<\/li>\n<li>\n<p data-path-to-node=\"7,3,0\"><b data-path-to-node=\"7,3,0\" data-index-in-node=\"0\">Extra Services:<\/b> Possibility of access (with extra cost) to Hookah Lounge, Spa, Massage and Boutique.<\/p>\n<\/li>\n<li>\n<p data-path-to-node=\"7,4,0\"><b data-path-to-node=\"7,4,0\" data-index-in-node=\"0\">Fast Transport:<\/b> Speedboat from Cartagena included.<\/p>\n<\/li>\n<\/ul>","protected":false},"excerpt":{"rendered":"<p>Resumen La Zona Club de Bora Bora es el coraz\u00f3n de la fiesta en las Islas del Rosario. Este pasad\u00eda &#8220;Solo para Adultos&#8221; es famoso por su atm\u00f3sfera vibrante, m\u00fasica y energ\u00eda constante frente al mar Caribe. Al reservar la Zona Club, usted asegura su lugar en la acci\u00f3n con una c\u00f3moda cama de playa [&hellip;]<\/p>\n","protected":false},"featured_media":9580,"comment_status":"open","ping_status":"closed","template":"","meta":{"inline_featured_image":false},"product_brand":[],"product_cat":[91,88,89],"product_tag":[],"class_list":{"0":"post-9578","1":"product","2":"type-product","3":"status-publish","4":"has-post-thumbnail","6":"brw_tour_types-fiestas","7":"brw_tour_types-gastronomia","8":"brw_tour_types-playas","9":"brw_tour_types-solo-adultos","10":"product_cat-club-de-playa-lujo","11":"product_cat-fiesta","12":"product_cat-islas-premium","14":"first","15":"instock","16":"shipping-taxable","17":"purchasable","18":"product-type-ovabrw_car_rental"},"_links":{"self":[{"href":"https:\/\/santiagotourscartagena.com\/en\/wp-json\/wp\/v2\/product\/9578","targetHints":{"allow":["GET"]}}],"collection":[{"href":"https:\/\/santiagotourscartagena.com\/en\/wp-json\/wp\/v2\/product"}],"about":[{"href":"https:\/\/santiagotourscartagena.com\/en\/wp-json\/wp\/v2\/types\/product"}],"replies":[{"embeddable":true,"href":"https:\/\/santiagotourscartagena.com\/en\/wp-json\/wp\/v2\/comments?post=9578"}],"wp:featuredmedia":[{"embeddable":true,"href":"https:\/\/santiagotourscartagena.com\/en\/wp-json\/wp\/v2\/media\/9580"}],"wp:attachment":[{"href":"https:\/\/santiagotourscartagena.com\/en\/wp-json\/wp\/v2\/media?parent=9578"}],"wp:term":[{"taxonomy":"product_brand","embeddable":true,"href":"https:\/\/santiagotourscartagena.com\/en\/wp-json\/wp\/v2\/product_brand?post=9578"},{"taxonomy":"product_cat","embeddable":true,"href":"https:\/\/santiagotourscartagena.com\/en\/wp-json\/wp\/v2\/product_cat?post=9578"},{"taxonomy":"product_tag","embeddable":true,"href":"https:\/\/santiagotourscartagena.com\/en\/wp-json\/wp\/v2\/product_tag?post=9578"}],"curies":[{"name":"wp","href":"https:\/\/api.w.org\/{rel}","templated":true}]}}