{"id":9584,"date":"2026-01-22T13:48:53","date_gmt":"2026-01-22T18:48:53","guid":{"rendered":"https:\/\/santiagotourscartagena.com\/?post_type=product&#038;p=9584"},"modified":"2026-01-22T13:48:54","modified_gmt":"2026-01-22T18:48:54","slug":"top-3-islas-by-bora-bora-travel","status":"publish","type":"product","link":"https:\/\/santiagotourscartagena.com\/en\/product\/top-3-islas-by-bora-bora-travel\/","title":{"rendered":"Top 3 Islands (by Bora Bora Travel)"},"content":{"rendered":"<h2 data-path-to-node=\"4\">Summary<\/h2>\n<p data-path-to-node=\"5,0\">Live the ultimate experience of \u201cIsland Hopping\u201d in the archipelago of the Rosario with the tour <b data-path-to-node=\"5,0\" data-index-in-node=\"94\">Top 3 Islands<\/b>. In a single day, you will visit three of the most unique destinations: the vibrant party <b data-path-to-node=\"5,0\" data-index-in-node=\"191\">Bora Bora<\/b>, the elegance of <b data-path-to-node=\"5,0\" data-index-in-node=\"218\">Pao Pao<\/b> and the natural tranquility of <b data-path-to-node=\"5,0\" data-index-in-node=\"255\">Islabela<\/b>. This tour is designed for adults who are looking for variety and comfort, including welcome cocktails at each stop, and a gourmet lunch for the end of the day.<\/p>\n<h2 data-path-to-node=\"6\">Highlights<\/h2>\n<ul data-path-to-node=\"7\">\n<li>\n<p data-path-to-node=\"7,0,0\"><b data-path-to-node=\"7,0,0\" data-index-in-node=\"0\">Triple Experience:<\/b> Access to <b data-path-to-node=\"7,0,0\" data-index-in-node=\"29\">Bora Bora<\/b>, <b data-path-to-node=\"7,0,0\" data-index-in-node=\"40\">Pao Pao<\/b> e <b data-path-to-node=\"7,0,0\" data-index-in-node=\"50\">Islabela<\/b> on the same day.<\/p>\n<\/li>\n<li>\n<p data-path-to-node=\"7,1,0\"><b data-path-to-node=\"7,1,0\" data-index-in-node=\"0\">Cocktails Are Multiple:<\/b> Enjoy <b data-path-to-node=\"7,1,0\" data-index-in-node=\"32\">1 welcome cocktail on each island<\/b> (3 in total).<\/p>\n<\/li>\n<li>\n<p data-path-to-node=\"7,2,0\"><b data-path-to-node=\"7,2,0\" data-index-in-node=\"0\">Lunch in Islabela:<\/b> Relax at the end of the day with a lunch (3 options available) and drink included in this eco-hotel.<\/p>\n<\/li>\n<li>\n<p data-path-to-node=\"7,3,0\"><b data-path-to-node=\"7,3,0\" data-index-in-node=\"0\">Comfort:<\/b> Available space is guaranteed for the tour in each island visited.<\/p>\n<\/li>\n<li>\n<p data-path-to-node=\"7,4,0\"><b data-path-to-node=\"7,4,0\" data-index-in-node=\"0\">Adults Only:<\/b> Exclusive environment for over 18 years of age (+18).<\/p>\n<\/li>\n<\/ul>","protected":false},"excerpt":{"rendered":"<p>Resumen Viva la experiencia definitiva de &#8220;Island Hopping&#8221; en el archipi\u00e9lago del Rosario con el tour Top 3 Islas. En un solo d\u00eda, visitar\u00e1 tres de los destinos m\u00e1s exclusivos: la vibrante fiesta de Bora Bora, la elegancia de Pao Pao y la tranquilidad natural de Islabela. Este recorrido est\u00e1 dise\u00f1ado para adultos que buscan [&hellip;]<\/p>\n","protected":false},"featured_media":9586,"comment_status":"open","ping_status":"closed","template":"","meta":{"inline_featured_image":false},"product_brand":[],"product_cat":[90,88],"product_tag":[],"class_list":{"0":"post-9584","1":"product","2":"type-product","3":"status-publish","4":"has-post-thumbnail","6":"brw_tour_types-fiestas","7":"brw_tour_types-gastronomia","8":"brw_tour_types-playas","9":"brw_tour_types-solo-adultos","10":"product_cat-club-de-playa-familiar","11":"product_cat-fiesta","13":"first","14":"instock","15":"shipping-taxable","16":"purchasable","17":"product-type-ovabrw_car_rental"},"_links":{"self":[{"href":"https:\/\/santiagotourscartagena.com\/en\/wp-json\/wp\/v2\/product\/9584","targetHints":{"allow":["GET"]}}],"collection":[{"href":"https:\/\/santiagotourscartagena.com\/en\/wp-json\/wp\/v2\/product"}],"about":[{"href":"https:\/\/santiagotourscartagena.com\/en\/wp-json\/wp\/v2\/types\/product"}],"replies":[{"embeddable":true,"href":"https:\/\/santiagotourscartagena.com\/en\/wp-json\/wp\/v2\/comments?post=9584"}],"wp:featuredmedia":[{"embeddable":true,"href":"https:\/\/santiagotourscartagena.com\/en\/wp-json\/wp\/v2\/media\/9586"}],"wp:attachment":[{"href":"https:\/\/santiagotourscartagena.com\/en\/wp-json\/wp\/v2\/media?parent=9584"}],"wp:term":[{"taxonomy":"product_brand","embeddable":true,"href":"https:\/\/santiagotourscartagena.com\/en\/wp-json\/wp\/v2\/product_brand?post=9584"},{"taxonomy":"product_cat","embeddable":true,"href":"https:\/\/santiagotourscartagena.com\/en\/wp-json\/wp\/v2\/product_cat?post=9584"},{"taxonomy":"product_tag","embeddable":true,"href":"https:\/\/santiagotourscartagena.com\/en\/wp-json\/wp\/v2\/product_tag?post=9584"}],"curies":[{"name":"wp","href":"https:\/\/api.w.org\/{rel}","templated":true}]}}