{"id":9587,"date":"2026-01-22T14:00:54","date_gmt":"2026-01-22T19:00:54","guid":{"rendered":"https:\/\/santiagotourscartagena.com\/?post_type=product&#038;p=9587"},"modified":"2026-02-07T18:02:56","modified_gmt":"2026-02-07T23:02:56","slug":"top-3-islas-con-encanto-rosario-de-mar-mulata-isla-del-encanto","status":"publish","type":"product","link":"https:\/\/santiagotourscartagena.com\/en\/product\/top-3-islas-con-encanto-rosario-de-mar-mulata-isla-del-encanto\/","title":{"rendered":"Top 3 Islands with Encanto(Rosary of the Sea, Mulatto &amp; Island of Encanto)"},"content":{"rendered":"<h2 data-path-to-node=\"5\">Summary<\/h2>\n<p data-path-to-node=\"6,0\"><span data-path-to-node=\"6,0,0\">Live an unforgettable adventure exploring three exclusive destinations in a single day with the tour <b data-path-to-node=\"6,0,0\" data-index-in-node=\"93\">Top 3 Islands with Charm<\/b>. <\/span><span data-path-to-node=\"6,0,2\"><span class=\"citation-355\">This tour premium will know <\/span><b data-path-to-node=\"6,0,2\" data-index-in-node=\"44\"><span class=\"citation-355\">Rosary of Sea Ecohotel<\/span><\/b><span class=\"citation-355\">the exclusive <\/span><b data-path-to-node=\"6,0,2\" data-index-in-node=\"82\"><span class=\"citation-355\">Island Mulata<\/span><\/b><span class=\"citation-355\"> and the luxurious 5-star hotel <\/span><b data-path-to-node=\"6,0,2\" data-index-in-node=\"124\"><span class=\"citation-355\">Isla del Encanto<\/span><\/b><\/span><span data-path-to-node=\"6,0,4\">. <\/span><span data-path-to-node=\"6,0,6\"><span class=\"citation-354\">Besides enjoying the beaches, crystal-clear, live unique experiences such as the sighting of the aircraft sunken Pablo Escobar and a tender interaction with raccoons in the mangroves<\/span><\/span><span data-path-to-node=\"6,0,8\">. It's the perfect balance between relaxation, luxury and nature.<\/span><\/p>\n<h3 data-path-to-node=\"7\">Highlights)<\/h3>\n<ul data-path-to-node=\"8\">\n<li>\n<p data-path-to-node=\"8,0,1\"><span data-path-to-node=\"8,0,1,0\"><b data-path-to-node=\"8,0,1,0\" data-index-in-node=\"0\"><span class=\"citation-353\">Three Exclusive Destinations:<\/span><\/b><span class=\"citation-353\"> Visit to Rosario, Sea Island, Mulatto and picnic in the Island of Enchantment<\/span><\/span><span data-path-to-node=\"8,0,1,2\">.<\/span><\/p>\n<\/li>\n<li>\n<p data-path-to-node=\"8,1,1\"><span data-path-to-node=\"8,1,1,0\"><b data-path-to-node=\"8,1,1,0\" data-index-in-node=\"0\"><span class=\"citation-352\">Isla del Encanto (5 Stars):<\/span><\/b><span class=\"citation-352\"> Includes buffet lunch and <\/span><b data-path-to-node=\"8,1,1,0\" data-index-in-node=\"63\"><span class=\"citation-352\">Open Bar<\/span><\/b><span class=\"citation-352\"> during your stay in this luxury hotel<\/span><\/span><span data-path-to-node=\"8,1,1,2\">.<\/span><\/p>\n<p data-path-to-node=\"8,2,1\">\n<\/li>\n<li>\n<p data-path-to-node=\"8,2,1\"><span data-path-to-node=\"8,2,1,0\"><b data-path-to-node=\"8,2,1,0\" data-index-in-node=\"0\"><span class=\"citation-351\">Encounter with Nature:<\/span><\/b><span class=\"citation-351\"> Sighting and interaction with <\/span><b data-path-to-node=\"8,2,1,0\" data-index-in-node=\"60\"><span class=\"citation-351\">Raccoons<\/span><\/b><span class=\"citation-351\"> in their natural habitat<\/span><\/span><span data-path-to-node=\"8,2,1,2\">.<\/span><\/p>\n<\/li>\n<li>\n<p data-path-to-node=\"8,3,1\"><span data-path-to-node=\"8,3,1,0\"><b data-path-to-node=\"8,3,1,0\" data-index-in-node=\"0\"><span class=\"citation-350\">Panoramic Tour Full:<\/span><\/b><span class=\"citation-350\"> Views from the Fort of San Fernando, the Rosario Islands, the aircraft sunk, Chol\u00f3n and Baru<\/span><\/span><span data-path-to-node=\"8,3,1,2\">.<\/span><\/p>\n<\/li>\n<li>\n<p data-path-to-node=\"8,4,1\"><span data-path-to-node=\"8,4,1,0\"><b data-path-to-node=\"8,4,1,0\" data-index-in-node=\"0\"><span class=\"citation-349\">Sunset on the Bay:<\/span><\/b><span class=\"citation-349\"> The back includes a 30 minute tour for the inner bay of Cartagena<\/span><\/span><span data-path-to-node=\"8,4,1,2\">.<\/span><\/p>\n<\/li>\n<\/ul>","protected":false},"excerpt":{"rendered":"<p>Resumen Viva una aventura inolvidable explorando tres destinos exclusivos en un solo d\u00eda con el tour Top 3 Islas con Encanto. Este recorrido premium lo llevar\u00e1 a conocer Rosario de Mar Ecohotel, el exclusivo Isla Mulata y el lujoso hotel 5 estrellas Isla del Encanto. Adem\u00e1s de disfrutar de playas cristalinas, vivir\u00e1 experiencias \u00fanicas como [&hellip;]<\/p>\n","protected":false},"featured_media":9589,"comment_status":"open","ping_status":"closed","template":"","meta":{"inline_featured_image":false},"product_brand":[],"product_cat":[83,89,84],"product_tag":[],"class_list":{"0":"post-9587","1":"product","2":"type-product","3":"status-publish","4":"has-post-thumbnail","6":"brw_tour_types-familia","7":"brw_tour_types-gastronomia","8":"brw_tour_types-naturaleza","9":"brw_tour_types-playas","10":"product_cat-excursion","11":"product_cat-islas-premium","12":"product_cat-naturaleza","14":"first","15":"instock","16":"shipping-taxable","17":"purchasable","18":"product-type-ovabrw_car_rental"},"_links":{"self":[{"href":"https:\/\/santiagotourscartagena.com\/en\/wp-json\/wp\/v2\/product\/9587","targetHints":{"allow":["GET"]}}],"collection":[{"href":"https:\/\/santiagotourscartagena.com\/en\/wp-json\/wp\/v2\/product"}],"about":[{"href":"https:\/\/santiagotourscartagena.com\/en\/wp-json\/wp\/v2\/types\/product"}],"replies":[{"embeddable":true,"href":"https:\/\/santiagotourscartagena.com\/en\/wp-json\/wp\/v2\/comments?post=9587"}],"wp:featuredmedia":[{"embeddable":true,"href":"https:\/\/santiagotourscartagena.com\/en\/wp-json\/wp\/v2\/media\/9589"}],"wp:attachment":[{"href":"https:\/\/santiagotourscartagena.com\/en\/wp-json\/wp\/v2\/media?parent=9587"}],"wp:term":[{"taxonomy":"product_brand","embeddable":true,"href":"https:\/\/santiagotourscartagena.com\/en\/wp-json\/wp\/v2\/product_brand?post=9587"},{"taxonomy":"product_cat","embeddable":true,"href":"https:\/\/santiagotourscartagena.com\/en\/wp-json\/wp\/v2\/product_cat?post=9587"},{"taxonomy":"product_tag","embeddable":true,"href":"https:\/\/santiagotourscartagena.com\/en\/wp-json\/wp\/v2\/product_tag?post=9587"}],"curies":[{"name":"wp","href":"https:\/\/api.w.org\/{rel}","templated":true}]}}