{"id":9609,"date":"2026-01-22T15:25:18","date_gmt":"2026-01-22T20:25:18","guid":{"rendered":"https:\/\/santiagotourscartagena.com\/?post_type=product&#038;p=9609"},"modified":"2026-01-22T15:25:18","modified_gmt":"2026-01-22T20:25:18","slug":"pasadia-bela-beach-club-open-bar","status":"publish","type":"product","link":"https:\/\/santiagotourscartagena.com\/en\/product\/pasadia-bela-beach-club-open-bar\/","title":{"rendered":"Picnic Bela Beach Club (Open Bar)"},"content":{"rendered":"<h2 data-path-to-node=\"4\">Summary<\/h2>\n<p data-path-to-node=\"5,0\">If you are looking for fun without limits, <b data-path-to-node=\"5,0\" data-index-in-node=\"42\">Bela Beach Club<\/b> it is your destiny. This picnic stands out by offering a <b data-path-to-node=\"5,0\" data-index-in-node=\"109\">Open Bar national spirits throughout the day<\/b>, allowing you to enjoy tropical cocktails and beers in front of the Caribbean sea without worrying about the account. With live DJ's, entertainment and a party atmosphere constant, is the preferred option for groups of friends and stag\/hen parties. In addition, it includes use of kayaks and an optional transfer to the Oceanarium for those wishing to supplement the rumba with a bit of tourism.<\/p>\n<h2 data-path-to-node=\"6\">Highlights<\/h2>\n<ul data-path-to-node=\"7\">\n<li>\n<p data-path-to-node=\"7,0,0\"><b data-path-to-node=\"7,0,0\" data-index-in-node=\"0\">Open Bar Unlimited:<\/b> Enjoy the whole day of Water, Soda, Beer, selected cocktails (Pina Colada, Coco Loco, Gin &amp; Tonic, Daiquiri, Caipirinha, Cuba Libre, Mojito, Tequila Sunrise).<\/p>\n<\/li>\n<li>\n<p data-path-to-node=\"7,1,0\"><b data-path-to-node=\"7,1,0\" data-index-in-node=\"0\">Party atmosphere:<\/b> Live DJ and entertainer for keeping the energy to the maximum.<\/p>\n<\/li>\n<li>\n<p data-path-to-node=\"7,2,0\"><b data-path-to-node=\"7,2,0\" data-index-in-node=\"0\">A Varied Cuisine:<\/b> Lunch choice, with <b data-path-to-node=\"7,2,0\" data-index-in-node=\"45\">7 options<\/b> ranging from the typical Posta Cartagena until Chicken Burger or Pasta.<\/p>\n<\/li>\n<li>\n<p data-path-to-node=\"7,3,0\"><b data-path-to-node=\"7,3,0\" data-index-in-node=\"0\">Activities:<\/b> Use of <b data-path-to-node=\"7,3,0\" data-index-in-node=\"20\">Kayak<\/b> included (20 min) and optional transfer to the Oceanarium.<\/p>\n<\/li>\n<li>\n<p data-path-to-node=\"7,4,0\"><b data-path-to-node=\"7,4,0\" data-index-in-node=\"0\">Location:<\/b> Rapid transport from the tourist pier of Cartagena.<\/p>\n<\/li>\n<\/ul>","protected":false},"excerpt":{"rendered":"<p>Resumen Si lo que busca es diversi\u00f3n sin l\u00edmites, Bela Beach Club es su destino. Este pasad\u00eda destaca por ofrecer un Open Bar de licores nacionales durante todo el d\u00eda, permiti\u00e9ndole disfrutar de c\u00f3cteles tropicales y cervezas frente al mar Caribe sin preocuparse por la cuenta. Con DJ en vivo, animaci\u00f3n y un ambiente de [&hellip;]<\/p>\n","protected":false},"featured_media":9617,"comment_status":"open","ping_status":"closed","template":"","meta":{"inline_featured_image":false},"product_brand":[],"product_cat":[85,88,86],"product_tag":[],"class_list":{"0":"post-9609","1":"product","2":"type-product","3":"status-publish","4":"has-post-thumbnail","6":"brw_tour_types-fiestas","7":"brw_tour_types-gastronomia","8":"brw_tour_types-jovenes","9":"brw_tour_types-open-bar","10":"product_cat-club-de-playa","11":"product_cat-fiesta","12":"product_cat-islas","14":"first","15":"instock","16":"shipping-taxable","17":"purchasable","18":"product-type-ovabrw_car_rental"},"_links":{"self":[{"href":"https:\/\/santiagotourscartagena.com\/en\/wp-json\/wp\/v2\/product\/9609","targetHints":{"allow":["GET"]}}],"collection":[{"href":"https:\/\/santiagotourscartagena.com\/en\/wp-json\/wp\/v2\/product"}],"about":[{"href":"https:\/\/santiagotourscartagena.com\/en\/wp-json\/wp\/v2\/types\/product"}],"replies":[{"embeddable":true,"href":"https:\/\/santiagotourscartagena.com\/en\/wp-json\/wp\/v2\/comments?post=9609"}],"wp:featuredmedia":[{"embeddable":true,"href":"https:\/\/santiagotourscartagena.com\/en\/wp-json\/wp\/v2\/media\/9617"}],"wp:attachment":[{"href":"https:\/\/santiagotourscartagena.com\/en\/wp-json\/wp\/v2\/media?parent=9609"}],"wp:term":[{"taxonomy":"product_brand","embeddable":true,"href":"https:\/\/santiagotourscartagena.com\/en\/wp-json\/wp\/v2\/product_brand?post=9609"},{"taxonomy":"product_cat","embeddable":true,"href":"https:\/\/santiagotourscartagena.com\/en\/wp-json\/wp\/v2\/product_cat?post=9609"},{"taxonomy":"product_tag","embeddable":true,"href":"https:\/\/santiagotourscartagena.com\/en\/wp-json\/wp\/v2\/product_tag?post=9609"}],"curies":[{"name":"wp","href":"https:\/\/api.w.org\/{rel}","templated":true}]}}