{"id":9621,"date":"2026-01-22T16:06:57","date_gmt":"2026-01-22T21:06:57","guid":{"rendered":"https:\/\/santiagotourscartagena.com\/?post_type=product&#038;p=9621"},"modified":"2026-01-22T16:06:57","modified_gmt":"2026-01-22T21:06:57","slug":"tour-bahia-sunset-rumba","status":"publish","type":"product","link":"https:\/\/santiagotourscartagena.com\/en\/product\/tour-bahia-sunset-rumba\/","title":{"rendered":"Tour Bay (Sunset &amp; Rumba)"},"content":{"rendered":"<h2 data-path-to-node=\"4\">Summary<\/h2>\n<p data-path-to-node=\"5,0\">Live the magic of the sunset from cartagena aboard the <b data-path-to-node=\"5,0\" data-index-in-node=\"52\">Tour Bay<\/b>, an experience that mixes the best views of the city lit up with the joy of the caribbean. During a two hour tour of the peaceful bay of Cartagena, you will enjoy a <b data-path-to-node=\"5,0\" data-index-in-node=\"246\">open bar cocktails<\/b>, music with live DJ's and a spectacular <b data-path-to-node=\"5,0\" data-index-in-node=\"311\">show dancers<\/b> to get the local flavor. It's the perfect plan to start off the night, whether in family, couple or with friends.<\/p>\n<h2 data-path-to-node=\"6\">Highlights<\/h2>\n<ul data-path-to-node=\"7\">\n<li>\n<p data-path-to-node=\"7,0,0\"><b data-path-to-node=\"7,0,0\" data-index-in-node=\"0\">Free bar of Cocktails:<\/b> Enjoy unlimited cocktails with national drinks (Note: does Not include beer).<\/p>\n<\/li>\n<li>\n<p data-path-to-node=\"7,1,0\"><b data-path-to-node=\"7,1,0\" data-index-in-node=\"0\">Live Show:<\/b> Animation with DJ and presentation of professional dancers.<\/p>\n<\/li>\n<li>\n<p data-path-to-node=\"7,2,0\"><b data-path-to-node=\"7,2,0\" data-index-in-node=\"0\">Unforgettable Views:<\/b> Panoramic tour of 2 hours at dusk and dawn by the Bay of Cartagena.<\/p>\n<\/li>\n<li>\n<p data-path-to-node=\"7,3,0\"><b data-path-to-node=\"7,3,0\" data-index-in-node=\"0\">Festive Mood:<\/b> Ideal to celebrate, with shared tables for socializing.<\/p>\n<\/li>\n<li>\n<p data-path-to-node=\"7,4,0\"><b data-path-to-node=\"7,4,0\" data-index-in-node=\"0\">Suitable for Families:<\/b> Special rate for children from 5 to 10 years.<\/p>\n<\/li>\n<\/ul>","protected":false},"excerpt":{"rendered":"<p>Resumen Viva la magia del atardecer cartagenero a bordo del Tour Bah\u00eda, una experiencia que mezcla las mejores vistas de la ciudad iluminada con la alegr\u00eda del caribe. Durante dos horas de recorrido por la tranquila bah\u00eda de Cartagena, disfrutar\u00e1 de una barra libre de c\u00f3cteles, m\u00fasica con DJ en vivo y un espectacular show [&hellip;]<\/p>\n","protected":false},"featured_media":9623,"comment_status":"open","ping_status":"closed","template":"","meta":{"inline_featured_image":false},"product_brand":[],"product_cat":[82],"product_tag":[],"class_list":{"0":"post-9621","1":"product","2":"type-product","3":"status-publish","4":"has-post-thumbnail","6":"brw_tour_types-cultura","7":"brw_tour_types-familia","8":"brw_tour_types-fiestas","9":"brw_tour_types-gastronomia","10":"brw_tour_types-open-bar","11":"product_cat-fiesta-nocturna","13":"first","14":"instock","15":"shipping-taxable","16":"purchasable","17":"product-type-ovabrw_car_rental"},"_links":{"self":[{"href":"https:\/\/santiagotourscartagena.com\/en\/wp-json\/wp\/v2\/product\/9621","targetHints":{"allow":["GET"]}}],"collection":[{"href":"https:\/\/santiagotourscartagena.com\/en\/wp-json\/wp\/v2\/product"}],"about":[{"href":"https:\/\/santiagotourscartagena.com\/en\/wp-json\/wp\/v2\/types\/product"}],"replies":[{"embeddable":true,"href":"https:\/\/santiagotourscartagena.com\/en\/wp-json\/wp\/v2\/comments?post=9621"}],"wp:featuredmedia":[{"embeddable":true,"href":"https:\/\/santiagotourscartagena.com\/en\/wp-json\/wp\/v2\/media\/9623"}],"wp:attachment":[{"href":"https:\/\/santiagotourscartagena.com\/en\/wp-json\/wp\/v2\/media?parent=9621"}],"wp:term":[{"taxonomy":"product_brand","embeddable":true,"href":"https:\/\/santiagotourscartagena.com\/en\/wp-json\/wp\/v2\/product_brand?post=9621"},{"taxonomy":"product_cat","embeddable":true,"href":"https:\/\/santiagotourscartagena.com\/en\/wp-json\/wp\/v2\/product_cat?post=9621"},{"taxonomy":"product_tag","embeddable":true,"href":"https:\/\/santiagotourscartagena.com\/en\/wp-json\/wp\/v2\/product_tag?post=9621"}],"curies":[{"name":"wp","href":"https:\/\/api.w.org\/{rel}","templated":true}]}}