{"id":9624,"date":"2026-01-22T16:12:13","date_gmt":"2026-01-22T21:12:13","guid":{"rendered":"https:\/\/santiagotourscartagena.com\/?post_type=product&#038;p=9624"},"modified":"2026-01-22T16:12:13","modified_gmt":"2026-01-22T21:12:13","slug":"noche-blanca-cena-y-fiesta-por-la-bahia","status":"publish","type":"product","link":"https:\/\/santiagotourscartagena.com\/en\/product\/noche-blanca-cena-y-fiesta-por-la-bahia\/","title":{"rendered":"White night (Dinner and Party by the Bay)"},"content":{"rendered":"<h2 data-path-to-node=\"4\">Summary<\/h2>\n<p data-path-to-node=\"5,0\">Live a magical night, and stylish to board the tour <b data-path-to-node=\"5,0\" data-index-in-node=\"50\">White Night<\/b>. This exclusive 3-hour tour around the Bay of Cartagena combines the best of the gastronomy and the feast caribbean. Unlike other tours, this plan includes a <b data-path-to-node=\"5,0\" data-index-in-node=\"235\">buffet dinner complete<\/b> (with proteins, side dishes, and dessert) while enjoying an unparalleled view of the illuminated city. The night is enlivened by live DJ's, entertainers, and a show of dancers that will ignite the party, accompanied by an open bar cocktail nationals.<\/p>\n<h2 data-path-to-node=\"6\">Highlights<\/h2>\n<ul data-path-to-node=\"7\">\n<li>\n<p data-path-to-node=\"7,0,0\"><b data-path-to-node=\"7,0,0\" data-index-in-node=\"0\">Dinner Included:<\/b> Enjoy a full menu with <b data-path-to-node=\"7,0,0\" data-index-in-node=\"48\">2 options of protein<\/b>, 4 sides, drink and dessert.<\/p>\n<\/li>\n<li>\n<p data-path-to-node=\"7,1,0\"><b data-path-to-node=\"7,1,0\" data-index-in-node=\"0\">Free bar of Cocktails:<\/b> Unlimited national drinks (cocktails) during the tour (Not including beer).<\/p>\n<\/li>\n<li>\n<p data-path-to-node=\"7,2,0\"><b data-path-to-node=\"7,2,0\" data-index-in-node=\"0\">Cultural Performance:<\/b> Presentation of live dancers with costumes and choreography local.<\/p>\n<\/li>\n<li>\n<p data-path-to-node=\"7,3,0\"><b data-path-to-node=\"7,3,0\" data-index-in-node=\"0\">Extended Haul:<\/b> 3 hours of night sailing to enjoy the calm of the landscape and the party.<\/p>\n<\/li>\n<li>\n<p data-path-to-node=\"7,4,0\"><b data-path-to-node=\"7,4,0\" data-index-in-node=\"0\">Family Environment:<\/b> Suitable for adults and children, with special rates for small (5-10 years).<\/p>\n<\/li>\n<\/ul>","protected":false},"excerpt":{"rendered":"<p>Resumen Viva una noche m\u00e1gica y elegante a bordo del tour Noche Blanca. Este exclusivo recorrido de 3 horas por la Bah\u00eda de Cartagena combina lo mejor de la gastronom\u00eda y la fiesta caribe\u00f1a. A diferencia de otros paseos, este plan incluye una cena tipo buffet completa (con prote\u00ednas, acompa\u00f1amientos y postre) mientras disfruta de [&hellip;]<\/p>\n","protected":false},"featured_media":9626,"comment_status":"open","ping_status":"closed","template":"","meta":{"inline_featured_image":false},"product_brand":[],"product_cat":[82],"product_tag":[],"class_list":{"0":"post-9624","1":"product","2":"type-product","3":"status-publish","4":"has-post-thumbnail","6":"brw_tour_types-cultura","7":"brw_tour_types-familia","8":"brw_tour_types-fiestas","9":"brw_tour_types-gastronomia","10":"product_cat-fiesta-nocturna","12":"first","13":"instock","14":"shipping-taxable","15":"purchasable","16":"product-type-ovabrw_car_rental"},"_links":{"self":[{"href":"https:\/\/santiagotourscartagena.com\/en\/wp-json\/wp\/v2\/product\/9624","targetHints":{"allow":["GET"]}}],"collection":[{"href":"https:\/\/santiagotourscartagena.com\/en\/wp-json\/wp\/v2\/product"}],"about":[{"href":"https:\/\/santiagotourscartagena.com\/en\/wp-json\/wp\/v2\/types\/product"}],"replies":[{"embeddable":true,"href":"https:\/\/santiagotourscartagena.com\/en\/wp-json\/wp\/v2\/comments?post=9624"}],"wp:featuredmedia":[{"embeddable":true,"href":"https:\/\/santiagotourscartagena.com\/en\/wp-json\/wp\/v2\/media\/9626"}],"wp:attachment":[{"href":"https:\/\/santiagotourscartagena.com\/en\/wp-json\/wp\/v2\/media?parent=9624"}],"wp:term":[{"taxonomy":"product_brand","embeddable":true,"href":"https:\/\/santiagotourscartagena.com\/en\/wp-json\/wp\/v2\/product_brand?post=9624"},{"taxonomy":"product_cat","embeddable":true,"href":"https:\/\/santiagotourscartagena.com\/en\/wp-json\/wp\/v2\/product_cat?post=9624"},{"taxonomy":"product_tag","embeddable":true,"href":"https:\/\/santiagotourscartagena.com\/en\/wp-json\/wp\/v2\/product_tag?post=9624"}],"curies":[{"name":"wp","href":"https:\/\/api.w.org\/{rel}","templated":true}]}}